{"id":11,"date":"2020-01-03T13:31:49","date_gmt":"2020-01-03T13:31:49","guid":{"rendered":"http:\/\/www.suomenkattotarkastus.fi\/?page_id=11"},"modified":"2024-04-20T12:39:06","modified_gmt":"2024-04-20T12:39:06","slug":"etusivu","status":"publish","type":"page","link":"https:\/\/www.suomenkattotarkastus.fi\/","title":{"rendered":""},"content":{"rendered":"\n<h1 class=\"wp-block-heading\"><strong>Vesikattojen puolueeton asiantuntija 35 vuoden kokemuksella<\/strong><\/h1>\n\n\n<div class=\"wp-block-image\">\n<figure class=\"alignright size-full is-resized\"><img loading=\"lazy\" decoding=\"async\" width=\"792\" height=\"393\" src=\"https:\/\/www.suomenkattotarkastus.fi\/wp-content\/uploads\/2024\/04\/luotettava_kumppani_logo_792x393.png\" alt=\"\" class=\"wp-image-167\" style=\"width:135px;height:auto\"\/><\/figure>\n<\/div>\n\n\n<p><\/p>\n\n\n\n<p><\/p>\n\n\n\n<p><\/p>\n\n\n\n<p class=\"has-text-align-left\"><strong>PALVELUT<\/strong><\/p>\n\n\n\n<div class=\"wp-block-group\"><div class=\"wp-block-group__inner-container is-layout-flow wp-block-group-is-layout-flow\">\n<p>\u2022 Vesikattojen ja yl\u00e4pohjien kuntotarkastukset ja arvioinnit<\/p>\n\n\n\n<p>\u2022 Vesikattoremonttien valvonta, ty\u00f6suoritusten tarkastukset<\/p>\n\n\n\n<p>\u2022 Vuotosyiden selvitykset, kosteusmittaukset, toimenpidesuositukset<\/p>\n\n\n\n<p>\u2022 Kattoturvatuotteiden tarkastukset<\/p>\n\n\n\n<p>\u2022 Korjaustarpeen ja korjauskustannusten arviointi<\/p>\n\n\n\n<p>\u2022 Vesikaton j\u00e4ljell\u00e4 olevan k\u00e4ytt\u00f6i\u00e4n arviointi<\/p>\n\n\n\n<p>\u2022 Korjausohjeet, neuvonta ja kattot\u00f6iden suunnittelun konsultointi<\/p>\n\n\n\n<p>\u2022 Erikoisosaamisena konesaumattujen peltikattojen  ja kaikkien rakennuspeltit\u00f6iden tarkastukset ja valvonta<\/p>\n\n\n\n<p>\u2022 Kaiken kokoiset rakennukset, kes\u00e4m\u00f6kist\u00e4 kerrostaloon, piharakennuksesta teollisuuskiinteist\u00f6\u00f6n<\/p>\n\n\n\n<p>\u2022 My\u00f6s vaativat kohteet kuten arvokiinteist\u00f6t, suojelu- \/museokohteet, kuparity\u00f6t<\/p>\n\n\n\n<p>\u2022 Ammattitaitoinen, luotettava, riippumaton ja puolueeton tieto korjaustarpeesta, yli 35 vuoden vesikattot\u00f6iden kokemuksella<\/p>\n<\/div><\/div>\n","protected":false},"excerpt":{"rendered":"<p>Vesikattojen puolueeton asiantuntija 35 vuoden kokemuksella PALVELUT \u2022 Vesikattojen ja yl\u00e4pohjien kuntotarkastukset ja arvioinnit \u2022 Vesikattoremonttien valvonta, ty\u00f6suoritusten tarkastukset \u2022 Vuotosyiden selvitykset, kosteusmittaukset, toimenpidesuositukset \u2022 Kattoturvatuotteiden tarkastukset \u2022 Korjaustarpeen ja korjauskustannusten arviointi \u2022 Vesikaton j\u00e4ljell\u00e4 olevan k\u00e4ytt\u00f6i\u00e4n arviointi \u2022 Korjausohjeet, neuvonta ja kattot\u00f6iden suunnittelun konsultointi \u2022 Erikoisosaamisena konesaumattujen peltikattojen ja kaikkien rakennuspeltit\u00f6iden tarkastukset ja valvonta &hellip; <\/p>\n<p class=\"link-more\"><a href=\"https:\/\/www.suomenkattotarkastus.fi\/\" class=\"more-link\">Jatka lukemista<span class=\"screen-reader-text\"> &#8221;&#8221;<\/span><\/a><\/p>\n","protected":false},"author":1,"featured_media":0,"parent":0,"menu_order":0,"comment_status":"closed","ping_status":"closed","template":"","meta":{"footnotes":""},"class_list":["post-11","page","type-page","status-publish","hentry"],"yoast_head":"<!-- This site is optimized with the Yoast SEO plugin v27.5 - https:\/\/yoast.com\/product\/yoast-seo-wordpress\/ -->\n<title>- Suomen Kattotarkastus Oy<\/title>\n<meta name=\"robots\" content=\"index, follow, max-snippet:-1, max-image-preview:large, max-video-preview:-1\" \/>\n<link rel=\"canonical\" href=\"https:\/\/www.suomenkattotarkastus.fi\/\" \/>\n<meta property=\"og:locale\" content=\"fi_FI\" \/>\n<meta property=\"og:type\" content=\"article\" \/>\n<meta property=\"og:title\" content=\"- Suomen Kattotarkastus Oy\" \/>\n<meta property=\"og:description\" content=\"Vesikattojen puolueeton asiantuntija 35 vuoden kokemuksella PALVELUT \u2022 Vesikattojen ja yl\u00e4pohjien kuntotarkastukset ja arvioinnit \u2022 Vesikattoremonttien valvonta, ty\u00f6suoritusten tarkastukset \u2022 Vuotosyiden selvitykset, kosteusmittaukset, toimenpidesuositukset \u2022 Kattoturvatuotteiden tarkastukset \u2022 Korjaustarpeen ja korjauskustannusten arviointi \u2022 Vesikaton j\u00e4ljell\u00e4 olevan k\u00e4ytt\u00f6i\u00e4n arviointi \u2022 Korjausohjeet, neuvonta ja kattot\u00f6iden suunnittelun konsultointi \u2022 Erikoisosaamisena konesaumattujen peltikattojen ja kaikkien rakennuspeltit\u00f6iden tarkastukset ja valvonta &hellip; Jatka lukemista &quot;&quot;\" \/>\n<meta property=\"og:url\" content=\"https:\/\/www.suomenkattotarkastus.fi\/\" \/>\n<meta property=\"og:site_name\" content=\"Suomen Kattotarkastus Oy\" \/>\n<meta property=\"article:modified_time\" content=\"2024-04-20T12:39:06+00:00\" \/>\n<meta property=\"og:image\" content=\"http:\/\/www.suomenkattotarkastus.fi\/wp-content\/uploads\/2024\/04\/luotettava_kumppani_logo_792x393.png\" \/>\n<meta name=\"twitter:card\" content=\"summary_large_image\" \/>\n<meta name=\"twitter:label1\" content=\"Arvioitu lukuaika\" \/>\n\t<meta name=\"twitter:data1\" content=\"1 minuutti\" \/>\n<script type=\"application\/ld+json\" class=\"yoast-schema-graph\">{\"@context\":\"https:\\\/\\\/schema.org\",\"@graph\":[{\"@type\":\"WebPage\",\"@id\":\"https:\\\/\\\/www.suomenkattotarkastus.fi\\\/\",\"url\":\"https:\\\/\\\/www.suomenkattotarkastus.fi\\\/\",\"name\":\"- Suomen Kattotarkastus Oy\",\"isPartOf\":{\"@id\":\"https:\\\/\\\/www.suomenkattotarkastus.fi\\\/#website\"},\"primaryImageOfPage\":{\"@id\":\"https:\\\/\\\/www.suomenkattotarkastus.fi\\\/#primaryimage\"},\"image\":{\"@id\":\"https:\\\/\\\/www.suomenkattotarkastus.fi\\\/#primaryimage\"},\"thumbnailUrl\":\"http:\\\/\\\/www.suomenkattotarkastus.fi\\\/wp-content\\\/uploads\\\/2024\\\/04\\\/luotettava_kumppani_logo_792x393.png\",\"datePublished\":\"2020-01-03T13:31:49+00:00\",\"dateModified\":\"2024-04-20T12:39:06+00:00\",\"inLanguage\":\"fi\",\"potentialAction\":[{\"@type\":\"ReadAction\",\"target\":[\"https:\\\/\\\/www.suomenkattotarkastus.fi\\\/\"]}]},{\"@type\":\"ImageObject\",\"inLanguage\":\"fi\",\"@id\":\"https:\\\/\\\/www.suomenkattotarkastus.fi\\\/#primaryimage\",\"url\":\"https:\\\/\\\/www.suomenkattotarkastus.fi\\\/wp-content\\\/uploads\\\/2024\\\/04\\\/luotettava_kumppani_logo_792x393.png\",\"contentUrl\":\"https:\\\/\\\/www.suomenkattotarkastus.fi\\\/wp-content\\\/uploads\\\/2024\\\/04\\\/luotettava_kumppani_logo_792x393.png\",\"width\":792,\"height\":393},{\"@type\":\"WebSite\",\"@id\":\"https:\\\/\\\/www.suomenkattotarkastus.fi\\\/#website\",\"url\":\"https:\\\/\\\/www.suomenkattotarkastus.fi\\\/\",\"name\":\"Suomen Kattotarkastus Oy\",\"description\":\"ASIANTUNTIJUUTTA VESIKATTOIHIN\",\"potentialAction\":[{\"@type\":\"SearchAction\",\"target\":{\"@type\":\"EntryPoint\",\"urlTemplate\":\"https:\\\/\\\/www.suomenkattotarkastus.fi\\\/?s={search_term_string}\"},\"query-input\":{\"@type\":\"PropertyValueSpecification\",\"valueRequired\":true,\"valueName\":\"search_term_string\"}}],\"inLanguage\":\"fi\"}]}<\/script>\n<!-- \/ Yoast SEO plugin. -->","yoast_head_json":{"title":"- Suomen Kattotarkastus Oy","robots":{"index":"index","follow":"follow","max-snippet":"max-snippet:-1","max-image-preview":"max-image-preview:large","max-video-preview":"max-video-preview:-1"},"canonical":"https:\/\/www.suomenkattotarkastus.fi\/","og_locale":"fi_FI","og_type":"article","og_title":"- Suomen Kattotarkastus Oy","og_description":"Vesikattojen puolueeton asiantuntija 35 vuoden kokemuksella PALVELUT \u2022 Vesikattojen ja yl\u00e4pohjien kuntotarkastukset ja arvioinnit \u2022 Vesikattoremonttien valvonta, ty\u00f6suoritusten tarkastukset \u2022 Vuotosyiden selvitykset, kosteusmittaukset, toimenpidesuositukset \u2022 Kattoturvatuotteiden tarkastukset \u2022 Korjaustarpeen ja korjauskustannusten arviointi \u2022 Vesikaton j\u00e4ljell\u00e4 olevan k\u00e4ytt\u00f6i\u00e4n arviointi \u2022 Korjausohjeet, neuvonta ja kattot\u00f6iden suunnittelun konsultointi \u2022 Erikoisosaamisena konesaumattujen peltikattojen ja kaikkien rakennuspeltit\u00f6iden tarkastukset ja valvonta &hellip; Jatka lukemista \"\"","og_url":"https:\/\/www.suomenkattotarkastus.fi\/","og_site_name":"Suomen Kattotarkastus Oy","article_modified_time":"2024-04-20T12:39:06+00:00","og_image":[{"url":"http:\/\/www.suomenkattotarkastus.fi\/wp-content\/uploads\/2024\/04\/luotettava_kumppani_logo_792x393.png","type":"","width":"","height":""}],"twitter_card":"summary_large_image","twitter_misc":{"Arvioitu lukuaika":"1 minuutti"},"schema":{"@context":"https:\/\/schema.org","@graph":[{"@type":"WebPage","@id":"https:\/\/www.suomenkattotarkastus.fi\/","url":"https:\/\/www.suomenkattotarkastus.fi\/","name":"- Suomen Kattotarkastus Oy","isPartOf":{"@id":"https:\/\/www.suomenkattotarkastus.fi\/#website"},"primaryImageOfPage":{"@id":"https:\/\/www.suomenkattotarkastus.fi\/#primaryimage"},"image":{"@id":"https:\/\/www.suomenkattotarkastus.fi\/#primaryimage"},"thumbnailUrl":"http:\/\/www.suomenkattotarkastus.fi\/wp-content\/uploads\/2024\/04\/luotettava_kumppani_logo_792x393.png","datePublished":"2020-01-03T13:31:49+00:00","dateModified":"2024-04-20T12:39:06+00:00","inLanguage":"fi","potentialAction":[{"@type":"ReadAction","target":["https:\/\/www.suomenkattotarkastus.fi\/"]}]},{"@type":"ImageObject","inLanguage":"fi","@id":"https:\/\/www.suomenkattotarkastus.fi\/#primaryimage","url":"https:\/\/www.suomenkattotarkastus.fi\/wp-content\/uploads\/2024\/04\/luotettava_kumppani_logo_792x393.png","contentUrl":"https:\/\/www.suomenkattotarkastus.fi\/wp-content\/uploads\/2024\/04\/luotettava_kumppani_logo_792x393.png","width":792,"height":393},{"@type":"WebSite","@id":"https:\/\/www.suomenkattotarkastus.fi\/#website","url":"https:\/\/www.suomenkattotarkastus.fi\/","name":"Suomen Kattotarkastus Oy","description":"ASIANTUNTIJUUTTA VESIKATTOIHIN","potentialAction":[{"@type":"SearchAction","target":{"@type":"EntryPoint","urlTemplate":"https:\/\/www.suomenkattotarkastus.fi\/?s={search_term_string}"},"query-input":{"@type":"PropertyValueSpecification","valueRequired":true,"valueName":"search_term_string"}}],"inLanguage":"fi"}]}},"_links":{"self":[{"href":"https:\/\/www.suomenkattotarkastus.fi\/index.php\/wp-json\/wp\/v2\/pages\/11","targetHints":{"allow":["GET"]}}],"collection":[{"href":"https:\/\/www.suomenkattotarkastus.fi\/index.php\/wp-json\/wp\/v2\/pages"}],"about":[{"href":"https:\/\/www.suomenkattotarkastus.fi\/index.php\/wp-json\/wp\/v2\/types\/page"}],"author":[{"embeddable":true,"href":"https:\/\/www.suomenkattotarkastus.fi\/index.php\/wp-json\/wp\/v2\/users\/1"}],"replies":[{"embeddable":true,"href":"https:\/\/www.suomenkattotarkastus.fi\/index.php\/wp-json\/wp\/v2\/comments?post=11"}],"version-history":[{"count":39,"href":"https:\/\/www.suomenkattotarkastus.fi\/index.php\/wp-json\/wp\/v2\/pages\/11\/revisions"}],"predecessor-version":[{"id":173,"href":"https:\/\/www.suomenkattotarkastus.fi\/index.php\/wp-json\/wp\/v2\/pages\/11\/revisions\/173"}],"wp:attachment":[{"href":"https:\/\/www.suomenkattotarkastus.fi\/index.php\/wp-json\/wp\/v2\/media?parent=11"}],"curies":[{"name":"wp","href":"https:\/\/api.w.org\/{rel}","templated":true}]}}