{"id":12,"date":"2020-01-03T13:31:49","date_gmt":"2020-01-03T13:31:49","guid":{"rendered":"http:\/\/www.suomenkattotarkastus.fi\/?page_id=12"},"modified":"2024-04-20T11:55:13","modified_gmt":"2024-04-20T11:55:13","slug":"tietoja","status":"publish","type":"page","link":"https:\/\/www.suomenkattotarkastus.fi\/index.php\/tietoja\/","title":{"rendered":"MIT\u00c4 KATOLLA TARKASTETAAN?"},"content":{"rendered":"\n<p>Vesikaton tarkastuksessa selvitet\u00e4\u00e4n onko katolla vuoto- tai riskikohtia, joista voi aiheutua vesivahinkoja. <\/p>\n\n\n\n<p>Tarkastuksessa selvitet\u00e4\u00e4n my\u00f6s turvallisuusriskit, eli kattoturvatuotteiden kunto (lumiesteet, kattosillat ja tikkaat)<\/p>\n\n\n\n<p>Tarkastettavia asioita ovat esimerkiksi:<\/p>\n\n\n\n<p>&#8211; Katemateriaalin kunto ja tiiveys<\/p>\n\n\n\n<p>&#8211; Piippujen ja iv- l\u00e4pivientien kunto ja tiiveys<\/p>\n\n\n\n<p>&#8211; Kattoluukkujen ja kattoikkunoiden kunto ja tiiveys<\/p>\n\n\n\n<p>&#8211; Jiirien, taitteiden ym. liittym\u00e4kohtien kunto ja tiiveys<\/p>\n\n\n\n<p>&#8211; Aluskatteen kunto ja tiiveys<\/p>\n\n\n\n<p>&#8211; Yl\u00e4pohjan \/ ullakon \/ vesikatteen tuuletuksen toimivuus<\/p>\n\n\n\n<p>&#8211; L\u00e4mm\u00f6neristeiden riitt\u00e4vyys<\/p>\n\n\n\n<p>&#8211; H\u00f6yrysulun tiiveys<\/p>\n\n\n\n<p>&#8211; Lumiesteiden, kattosiltojen ja tikkaiden kunto ja toimivuus<\/p>\n\n\n\n<p>&#8211; Vesikourujen ja sy\u00f6ksytorvien kunto ja toimivuus<\/p>\n","protected":false},"excerpt":{"rendered":"<p>Vesikaton tarkastuksessa selvitet\u00e4\u00e4n onko katolla vuoto- tai riskikohtia, joista voi aiheutua vesivahinkoja. Tarkastuksessa selvitet\u00e4\u00e4n my\u00f6s turvallisuusriskit, eli kattoturvatuotteiden kunto (lumiesteet, kattosillat ja tikkaat) Tarkastettavia asioita ovat esimerkiksi: &#8211; Katemateriaalin kunto ja tiiveys &#8211; Piippujen ja iv- l\u00e4pivientien kunto ja tiiveys &#8211; Kattoluukkujen ja kattoikkunoiden kunto ja tiiveys &#8211; Jiirien, taitteiden ym. liittym\u00e4kohtien kunto ja tiiveys &hellip; <\/p>\n<p class=\"link-more\"><a href=\"https:\/\/www.suomenkattotarkastus.fi\/index.php\/tietoja\/\" class=\"more-link\">Jatka lukemista<span class=\"screen-reader-text\"> &#8221;MIT\u00c4 KATOLLA TARKASTETAAN?&#8221;<\/span><\/a><\/p>\n","protected":false},"author":1,"featured_media":0,"parent":0,"menu_order":0,"comment_status":"closed","ping_status":"closed","template":"","meta":{"footnotes":""},"class_list":["post-12","page","type-page","status-publish","hentry"],"yoast_head":"<!-- This site is optimized with the Yoast SEO plugin v27.5 - https:\/\/yoast.com\/product\/yoast-seo-wordpress\/ -->\n<title>MIT\u00c4 KATOLLA TARKASTETAAN? - Suomen Kattotarkastus Oy<\/title>\n<meta name=\"robots\" content=\"index, follow, max-snippet:-1, max-image-preview:large, max-video-preview:-1\" \/>\n<link rel=\"canonical\" href=\"https:\/\/www.suomenkattotarkastus.fi\/index.php\/tietoja\/\" \/>\n<meta property=\"og:locale\" content=\"fi_FI\" \/>\n<meta property=\"og:type\" content=\"article\" \/>\n<meta property=\"og:title\" content=\"MIT\u00c4 KATOLLA TARKASTETAAN? - Suomen Kattotarkastus Oy\" \/>\n<meta property=\"og:description\" content=\"Vesikaton tarkastuksessa selvitet\u00e4\u00e4n onko katolla vuoto- tai riskikohtia, joista voi aiheutua vesivahinkoja. Tarkastuksessa selvitet\u00e4\u00e4n my\u00f6s turvallisuusriskit, eli kattoturvatuotteiden kunto (lumiesteet, kattosillat ja tikkaat) Tarkastettavia asioita ovat esimerkiksi: &#8211; Katemateriaalin kunto ja tiiveys &#8211; Piippujen ja iv- l\u00e4pivientien kunto ja tiiveys &#8211; Kattoluukkujen ja kattoikkunoiden kunto ja tiiveys &#8211; Jiirien, taitteiden ym. liittym\u00e4kohtien kunto ja tiiveys &hellip; Jatka lukemista &quot;MIT\u00c4 KATOLLA TARKASTETAAN?&quot;\" \/>\n<meta property=\"og:url\" content=\"https:\/\/www.suomenkattotarkastus.fi\/index.php\/tietoja\/\" \/>\n<meta property=\"og:site_name\" content=\"Suomen Kattotarkastus Oy\" \/>\n<meta property=\"article:modified_time\" content=\"2024-04-20T11:55:13+00:00\" \/>\n<meta name=\"twitter:card\" content=\"summary_large_image\" \/>\n<meta name=\"twitter:label1\" content=\"Arvioitu lukuaika\" \/>\n\t<meta name=\"twitter:data1\" content=\"1 minuutti\" \/>\n<script type=\"application\/ld+json\" class=\"yoast-schema-graph\">{\"@context\":\"https:\\\/\\\/schema.org\",\"@graph\":[{\"@type\":\"WebPage\",\"@id\":\"https:\\\/\\\/www.suomenkattotarkastus.fi\\\/index.php\\\/tietoja\\\/\",\"url\":\"https:\\\/\\\/www.suomenkattotarkastus.fi\\\/index.php\\\/tietoja\\\/\",\"name\":\"MIT\u00c4 KATOLLA TARKASTETAAN? - Suomen Kattotarkastus Oy\",\"isPartOf\":{\"@id\":\"https:\\\/\\\/www.suomenkattotarkastus.fi\\\/#website\"},\"datePublished\":\"2020-01-03T13:31:49+00:00\",\"dateModified\":\"2024-04-20T11:55:13+00:00\",\"breadcrumb\":{\"@id\":\"https:\\\/\\\/www.suomenkattotarkastus.fi\\\/index.php\\\/tietoja\\\/#breadcrumb\"},\"inLanguage\":\"fi\",\"potentialAction\":[{\"@type\":\"ReadAction\",\"target\":[\"https:\\\/\\\/www.suomenkattotarkastus.fi\\\/index.php\\\/tietoja\\\/\"]}]},{\"@type\":\"BreadcrumbList\",\"@id\":\"https:\\\/\\\/www.suomenkattotarkastus.fi\\\/index.php\\\/tietoja\\\/#breadcrumb\",\"itemListElement\":[{\"@type\":\"ListItem\",\"position\":1,\"name\":\"Etusivu\",\"item\":\"https:\\\/\\\/www.suomenkattotarkastus.fi\\\/\"},{\"@type\":\"ListItem\",\"position\":2,\"name\":\"MIT\u00c4 KATOLLA TARKASTETAAN?\"}]},{\"@type\":\"WebSite\",\"@id\":\"https:\\\/\\\/www.suomenkattotarkastus.fi\\\/#website\",\"url\":\"https:\\\/\\\/www.suomenkattotarkastus.fi\\\/\",\"name\":\"Suomen Kattotarkastus Oy\",\"description\":\"ASIANTUNTIJUUTTA VESIKATTOIHIN\",\"potentialAction\":[{\"@type\":\"SearchAction\",\"target\":{\"@type\":\"EntryPoint\",\"urlTemplate\":\"https:\\\/\\\/www.suomenkattotarkastus.fi\\\/?s={search_term_string}\"},\"query-input\":{\"@type\":\"PropertyValueSpecification\",\"valueRequired\":true,\"valueName\":\"search_term_string\"}}],\"inLanguage\":\"fi\"}]}<\/script>\n<!-- \/ Yoast SEO plugin. -->","yoast_head_json":{"title":"MIT\u00c4 KATOLLA TARKASTETAAN? - Suomen Kattotarkastus Oy","robots":{"index":"index","follow":"follow","max-snippet":"max-snippet:-1","max-image-preview":"max-image-preview:large","max-video-preview":"max-video-preview:-1"},"canonical":"https:\/\/www.suomenkattotarkastus.fi\/index.php\/tietoja\/","og_locale":"fi_FI","og_type":"article","og_title":"MIT\u00c4 KATOLLA TARKASTETAAN? - Suomen Kattotarkastus Oy","og_description":"Vesikaton tarkastuksessa selvitet\u00e4\u00e4n onko katolla vuoto- tai riskikohtia, joista voi aiheutua vesivahinkoja. Tarkastuksessa selvitet\u00e4\u00e4n my\u00f6s turvallisuusriskit, eli kattoturvatuotteiden kunto (lumiesteet, kattosillat ja tikkaat) Tarkastettavia asioita ovat esimerkiksi: &#8211; Katemateriaalin kunto ja tiiveys &#8211; Piippujen ja iv- l\u00e4pivientien kunto ja tiiveys &#8211; Kattoluukkujen ja kattoikkunoiden kunto ja tiiveys &#8211; Jiirien, taitteiden ym. liittym\u00e4kohtien kunto ja tiiveys &hellip; Jatka lukemista \"MIT\u00c4 KATOLLA TARKASTETAAN?\"","og_url":"https:\/\/www.suomenkattotarkastus.fi\/index.php\/tietoja\/","og_site_name":"Suomen Kattotarkastus Oy","article_modified_time":"2024-04-20T11:55:13+00:00","twitter_card":"summary_large_image","twitter_misc":{"Arvioitu lukuaika":"1 minuutti"},"schema":{"@context":"https:\/\/schema.org","@graph":[{"@type":"WebPage","@id":"https:\/\/www.suomenkattotarkastus.fi\/index.php\/tietoja\/","url":"https:\/\/www.suomenkattotarkastus.fi\/index.php\/tietoja\/","name":"MIT\u00c4 KATOLLA TARKASTETAAN? - Suomen Kattotarkastus Oy","isPartOf":{"@id":"https:\/\/www.suomenkattotarkastus.fi\/#website"},"datePublished":"2020-01-03T13:31:49+00:00","dateModified":"2024-04-20T11:55:13+00:00","breadcrumb":{"@id":"https:\/\/www.suomenkattotarkastus.fi\/index.php\/tietoja\/#breadcrumb"},"inLanguage":"fi","potentialAction":[{"@type":"ReadAction","target":["https:\/\/www.suomenkattotarkastus.fi\/index.php\/tietoja\/"]}]},{"@type":"BreadcrumbList","@id":"https:\/\/www.suomenkattotarkastus.fi\/index.php\/tietoja\/#breadcrumb","itemListElement":[{"@type":"ListItem","position":1,"name":"Etusivu","item":"https:\/\/www.suomenkattotarkastus.fi\/"},{"@type":"ListItem","position":2,"name":"MIT\u00c4 KATOLLA TARKASTETAAN?"}]},{"@type":"WebSite","@id":"https:\/\/www.suomenkattotarkastus.fi\/#website","url":"https:\/\/www.suomenkattotarkastus.fi\/","name":"Suomen Kattotarkastus Oy","description":"ASIANTUNTIJUUTTA VESIKATTOIHIN","potentialAction":[{"@type":"SearchAction","target":{"@type":"EntryPoint","urlTemplate":"https:\/\/www.suomenkattotarkastus.fi\/?s={search_term_string}"},"query-input":{"@type":"PropertyValueSpecification","valueRequired":true,"valueName":"search_term_string"}}],"inLanguage":"fi"}]}},"_links":{"self":[{"href":"https:\/\/www.suomenkattotarkastus.fi\/index.php\/wp-json\/wp\/v2\/pages\/12","targetHints":{"allow":["GET"]}}],"collection":[{"href":"https:\/\/www.suomenkattotarkastus.fi\/index.php\/wp-json\/wp\/v2\/pages"}],"about":[{"href":"https:\/\/www.suomenkattotarkastus.fi\/index.php\/wp-json\/wp\/v2\/types\/page"}],"author":[{"embeddable":true,"href":"https:\/\/www.suomenkattotarkastus.fi\/index.php\/wp-json\/wp\/v2\/users\/1"}],"replies":[{"embeddable":true,"href":"https:\/\/www.suomenkattotarkastus.fi\/index.php\/wp-json\/wp\/v2\/comments?post=12"}],"version-history":[{"count":10,"href":"https:\/\/www.suomenkattotarkastus.fi\/index.php\/wp-json\/wp\/v2\/pages\/12\/revisions"}],"predecessor-version":[{"id":144,"href":"https:\/\/www.suomenkattotarkastus.fi\/index.php\/wp-json\/wp\/v2\/pages\/12\/revisions\/144"}],"wp:attachment":[{"href":"https:\/\/www.suomenkattotarkastus.fi\/index.php\/wp-json\/wp\/v2\/media?parent=12"}],"curies":[{"name":"wp","href":"https:\/\/api.w.org\/{rel}","templated":true}]}}