{"id":66,"date":"2021-04-09T14:09:31","date_gmt":"2021-04-09T14:09:31","guid":{"rendered":"http:\/\/www.suomenkattotarkastus.fi\/?page_id=66"},"modified":"2024-10-06T08:01:28","modified_gmt":"2024-10-06T08:01:28","slug":"huolettaako-onko-katolla-kaikki-kunnossa","status":"publish","type":"page","link":"https:\/\/www.suomenkattotarkastus.fi\/index.php\/huolettaako-onko-katolla-kaikki-kunnossa\/","title":{"rendered":"HUOLETTAAKO ONKO KATOLLA KAIKKI KUNNOSSA?"},"content":{"rendered":"\n<p>Katolle voidaan tehd\u00e4 nopea kohdistettu tarkistusk\u00e4ynti, tai yksityiskohtainen ja laaja kuntotarkastus -ja kaikkea silt\u00e4 v\u00e4lilt\u00e4.<\/p>\n\n\n\n<p><strong>T\u00e4rkeint\u00e4 ja oleellisinta on, ett\u00e4 katon tarkastaa ammattitaitoinen ja kokenut asiantuntija, joka oikeasti tiet\u00e4\u00e4 mit\u00e4 kannattaa tehd\u00e4 ja mit\u00e4 ei.<\/strong><\/p>\n\n\n\n<p>Tarkastuksen avulla voidaan ennakoida ja suunnitella mahdollisia huolto, korjaus ja uusimistarpeita.<\/p>\n\n\n\n<p>Kaikista tarkastuksista tehd\u00e4\u00e4n kirjallinen raportti ja annetaan ohjeet ja suositukset mik\u00e4li johonkin toimenpiteisiin kannattaa ryhty\u00e4.<\/p>\n\n\n\n<p>Tarkastusk\u00e4ynnin hinta alkaen 300 \u20ac, sis alv25,5 %<\/p>\n\n\n\n<p>Pyyd\u00e4 tarjous <a href=\"mailto:matti@suomenkattotarkastus.fi\">matti@suomenkattotarkastus.fi<\/a> tai soita 0400 742222<\/p>\n","protected":false},"excerpt":{"rendered":"<p>Katolle voidaan tehd\u00e4 nopea kohdistettu tarkistusk\u00e4ynti, tai yksityiskohtainen ja laaja kuntotarkastus -ja kaikkea silt\u00e4 v\u00e4lilt\u00e4. T\u00e4rkeint\u00e4 ja oleellisinta on, ett\u00e4 katon tarkastaa ammattitaitoinen ja kokenut asiantuntija, joka oikeasti tiet\u00e4\u00e4 mit\u00e4 kannattaa tehd\u00e4 ja mit\u00e4 ei. Tarkastuksen avulla voidaan ennakoida ja suunnitella mahdollisia huolto, korjaus ja uusimistarpeita. Kaikista tarkastuksista tehd\u00e4\u00e4n kirjallinen raportti ja annetaan ohjeet ja &hellip; <\/p>\n<p class=\"link-more\"><a href=\"https:\/\/www.suomenkattotarkastus.fi\/index.php\/huolettaako-onko-katolla-kaikki-kunnossa\/\" class=\"more-link\">Jatka lukemista<span class=\"screen-reader-text\"> &#8221;HUOLETTAAKO ONKO KATOLLA KAIKKI KUNNOSSA?&#8221;<\/span><\/a><\/p>\n","protected":false},"author":1,"featured_media":0,"parent":0,"menu_order":0,"comment_status":"closed","ping_status":"closed","template":"","meta":{"footnotes":""},"class_list":["post-66","page","type-page","status-publish","hentry"],"yoast_head":"<!-- This site is optimized with the Yoast SEO plugin v27.5 - https:\/\/yoast.com\/product\/yoast-seo-wordpress\/ -->\n<title>HUOLETTAAKO ONKO KATOLLA KAIKKI KUNNOSSA? - Suomen Kattotarkastus Oy<\/title>\n<meta name=\"robots\" content=\"index, follow, max-snippet:-1, max-image-preview:large, max-video-preview:-1\" \/>\n<link rel=\"canonical\" href=\"https:\/\/www.suomenkattotarkastus.fi\/index.php\/huolettaako-onko-katolla-kaikki-kunnossa\/\" \/>\n<meta property=\"og:locale\" content=\"fi_FI\" \/>\n<meta property=\"og:type\" content=\"article\" \/>\n<meta property=\"og:title\" content=\"HUOLETTAAKO ONKO KATOLLA KAIKKI KUNNOSSA? - Suomen Kattotarkastus Oy\" \/>\n<meta property=\"og:description\" content=\"Katolle voidaan tehd\u00e4 nopea kohdistettu tarkistusk\u00e4ynti, tai yksityiskohtainen ja laaja kuntotarkastus -ja kaikkea silt\u00e4 v\u00e4lilt\u00e4. T\u00e4rkeint\u00e4 ja oleellisinta on, ett\u00e4 katon tarkastaa ammattitaitoinen ja kokenut asiantuntija, joka oikeasti tiet\u00e4\u00e4 mit\u00e4 kannattaa tehd\u00e4 ja mit\u00e4 ei. Tarkastuksen avulla voidaan ennakoida ja suunnitella mahdollisia huolto, korjaus ja uusimistarpeita. Kaikista tarkastuksista tehd\u00e4\u00e4n kirjallinen raportti ja annetaan ohjeet ja &hellip; Jatka lukemista &quot;HUOLETTAAKO ONKO KATOLLA KAIKKI KUNNOSSA?&quot;\" \/>\n<meta property=\"og:url\" content=\"https:\/\/www.suomenkattotarkastus.fi\/index.php\/huolettaako-onko-katolla-kaikki-kunnossa\/\" \/>\n<meta property=\"og:site_name\" content=\"Suomen Kattotarkastus Oy\" \/>\n<meta property=\"article:modified_time\" content=\"2024-10-06T08:01:28+00:00\" \/>\n<meta name=\"twitter:card\" content=\"summary_large_image\" \/>\n<meta name=\"twitter:label1\" content=\"Arvioitu lukuaika\" \/>\n\t<meta name=\"twitter:data1\" content=\"1 minuutti\" \/>\n<script type=\"application\/ld+json\" class=\"yoast-schema-graph\">{\"@context\":\"https:\\\/\\\/schema.org\",\"@graph\":[{\"@type\":\"WebPage\",\"@id\":\"https:\\\/\\\/www.suomenkattotarkastus.fi\\\/index.php\\\/huolettaako-onko-katolla-kaikki-kunnossa\\\/\",\"url\":\"https:\\\/\\\/www.suomenkattotarkastus.fi\\\/index.php\\\/huolettaako-onko-katolla-kaikki-kunnossa\\\/\",\"name\":\"HUOLETTAAKO ONKO KATOLLA KAIKKI KUNNOSSA? - Suomen Kattotarkastus Oy\",\"isPartOf\":{\"@id\":\"https:\\\/\\\/www.suomenkattotarkastus.fi\\\/#website\"},\"datePublished\":\"2021-04-09T14:09:31+00:00\",\"dateModified\":\"2024-10-06T08:01:28+00:00\",\"breadcrumb\":{\"@id\":\"https:\\\/\\\/www.suomenkattotarkastus.fi\\\/index.php\\\/huolettaako-onko-katolla-kaikki-kunnossa\\\/#breadcrumb\"},\"inLanguage\":\"fi\",\"potentialAction\":[{\"@type\":\"ReadAction\",\"target\":[\"https:\\\/\\\/www.suomenkattotarkastus.fi\\\/index.php\\\/huolettaako-onko-katolla-kaikki-kunnossa\\\/\"]}]},{\"@type\":\"BreadcrumbList\",\"@id\":\"https:\\\/\\\/www.suomenkattotarkastus.fi\\\/index.php\\\/huolettaako-onko-katolla-kaikki-kunnossa\\\/#breadcrumb\",\"itemListElement\":[{\"@type\":\"ListItem\",\"position\":1,\"name\":\"Etusivu\",\"item\":\"https:\\\/\\\/www.suomenkattotarkastus.fi\\\/\"},{\"@type\":\"ListItem\",\"position\":2,\"name\":\"HUOLETTAAKO ONKO KATOLLA KAIKKI KUNNOSSA?\"}]},{\"@type\":\"WebSite\",\"@id\":\"https:\\\/\\\/www.suomenkattotarkastus.fi\\\/#website\",\"url\":\"https:\\\/\\\/www.suomenkattotarkastus.fi\\\/\",\"name\":\"Suomen Kattotarkastus Oy\",\"description\":\"ASIANTUNTIJUUTTA VESIKATTOIHIN\",\"potentialAction\":[{\"@type\":\"SearchAction\",\"target\":{\"@type\":\"EntryPoint\",\"urlTemplate\":\"https:\\\/\\\/www.suomenkattotarkastus.fi\\\/?s={search_term_string}\"},\"query-input\":{\"@type\":\"PropertyValueSpecification\",\"valueRequired\":true,\"valueName\":\"search_term_string\"}}],\"inLanguage\":\"fi\"}]}<\/script>\n<!-- \/ Yoast SEO plugin. -->","yoast_head_json":{"title":"HUOLETTAAKO ONKO KATOLLA KAIKKI KUNNOSSA? - Suomen Kattotarkastus Oy","robots":{"index":"index","follow":"follow","max-snippet":"max-snippet:-1","max-image-preview":"max-image-preview:large","max-video-preview":"max-video-preview:-1"},"canonical":"https:\/\/www.suomenkattotarkastus.fi\/index.php\/huolettaako-onko-katolla-kaikki-kunnossa\/","og_locale":"fi_FI","og_type":"article","og_title":"HUOLETTAAKO ONKO KATOLLA KAIKKI KUNNOSSA? - Suomen Kattotarkastus Oy","og_description":"Katolle voidaan tehd\u00e4 nopea kohdistettu tarkistusk\u00e4ynti, tai yksityiskohtainen ja laaja kuntotarkastus -ja kaikkea silt\u00e4 v\u00e4lilt\u00e4. T\u00e4rkeint\u00e4 ja oleellisinta on, ett\u00e4 katon tarkastaa ammattitaitoinen ja kokenut asiantuntija, joka oikeasti tiet\u00e4\u00e4 mit\u00e4 kannattaa tehd\u00e4 ja mit\u00e4 ei. Tarkastuksen avulla voidaan ennakoida ja suunnitella mahdollisia huolto, korjaus ja uusimistarpeita. Kaikista tarkastuksista tehd\u00e4\u00e4n kirjallinen raportti ja annetaan ohjeet ja &hellip; Jatka lukemista \"HUOLETTAAKO ONKO KATOLLA KAIKKI KUNNOSSA?\"","og_url":"https:\/\/www.suomenkattotarkastus.fi\/index.php\/huolettaako-onko-katolla-kaikki-kunnossa\/","og_site_name":"Suomen Kattotarkastus Oy","article_modified_time":"2024-10-06T08:01:28+00:00","twitter_card":"summary_large_image","twitter_misc":{"Arvioitu lukuaika":"1 minuutti"},"schema":{"@context":"https:\/\/schema.org","@graph":[{"@type":"WebPage","@id":"https:\/\/www.suomenkattotarkastus.fi\/index.php\/huolettaako-onko-katolla-kaikki-kunnossa\/","url":"https:\/\/www.suomenkattotarkastus.fi\/index.php\/huolettaako-onko-katolla-kaikki-kunnossa\/","name":"HUOLETTAAKO ONKO KATOLLA KAIKKI KUNNOSSA? - Suomen Kattotarkastus Oy","isPartOf":{"@id":"https:\/\/www.suomenkattotarkastus.fi\/#website"},"datePublished":"2021-04-09T14:09:31+00:00","dateModified":"2024-10-06T08:01:28+00:00","breadcrumb":{"@id":"https:\/\/www.suomenkattotarkastus.fi\/index.php\/huolettaako-onko-katolla-kaikki-kunnossa\/#breadcrumb"},"inLanguage":"fi","potentialAction":[{"@type":"ReadAction","target":["https:\/\/www.suomenkattotarkastus.fi\/index.php\/huolettaako-onko-katolla-kaikki-kunnossa\/"]}]},{"@type":"BreadcrumbList","@id":"https:\/\/www.suomenkattotarkastus.fi\/index.php\/huolettaako-onko-katolla-kaikki-kunnossa\/#breadcrumb","itemListElement":[{"@type":"ListItem","position":1,"name":"Etusivu","item":"https:\/\/www.suomenkattotarkastus.fi\/"},{"@type":"ListItem","position":2,"name":"HUOLETTAAKO ONKO KATOLLA KAIKKI KUNNOSSA?"}]},{"@type":"WebSite","@id":"https:\/\/www.suomenkattotarkastus.fi\/#website","url":"https:\/\/www.suomenkattotarkastus.fi\/","name":"Suomen Kattotarkastus Oy","description":"ASIANTUNTIJUUTTA VESIKATTOIHIN","potentialAction":[{"@type":"SearchAction","target":{"@type":"EntryPoint","urlTemplate":"https:\/\/www.suomenkattotarkastus.fi\/?s={search_term_string}"},"query-input":{"@type":"PropertyValueSpecification","valueRequired":true,"valueName":"search_term_string"}}],"inLanguage":"fi"}]}},"_links":{"self":[{"href":"https:\/\/www.suomenkattotarkastus.fi\/index.php\/wp-json\/wp\/v2\/pages\/66","targetHints":{"allow":["GET"]}}],"collection":[{"href":"https:\/\/www.suomenkattotarkastus.fi\/index.php\/wp-json\/wp\/v2\/pages"}],"about":[{"href":"https:\/\/www.suomenkattotarkastus.fi\/index.php\/wp-json\/wp\/v2\/types\/page"}],"author":[{"embeddable":true,"href":"https:\/\/www.suomenkattotarkastus.fi\/index.php\/wp-json\/wp\/v2\/users\/1"}],"replies":[{"embeddable":true,"href":"https:\/\/www.suomenkattotarkastus.fi\/index.php\/wp-json\/wp\/v2\/comments?post=66"}],"version-history":[{"count":10,"href":"https:\/\/www.suomenkattotarkastus.fi\/index.php\/wp-json\/wp\/v2\/pages\/66\/revisions"}],"predecessor-version":[{"id":184,"href":"https:\/\/www.suomenkattotarkastus.fi\/index.php\/wp-json\/wp\/v2\/pages\/66\/revisions\/184"}],"wp:attachment":[{"href":"https:\/\/www.suomenkattotarkastus.fi\/index.php\/wp-json\/wp\/v2\/media?parent=66"}],"curies":[{"name":"wp","href":"https:\/\/api.w.org\/{rel}","templated":true}]}}