{"id":91,"date":"2021-04-09T16:20:01","date_gmt":"2021-04-09T16:20:01","guid":{"rendered":"http:\/\/www.suomenkattotarkastus.fi\/?page_id=91"},"modified":"2024-04-20T12:43:59","modified_gmt":"2024-04-20T12:43:59","slug":"kattotoiden-ja-rakennuspeltitoiden-valvonta-2","status":"publish","type":"page","link":"https:\/\/www.suomenkattotarkastus.fi\/index.php\/kattotoiden-ja-rakennuspeltitoiden-valvonta-2\/","title":{"rendered":"Kattoremonttien ja rakennuspeltit\u00f6iden valvonta"},"content":{"rendered":"\n<p>&#8211; Uudisrakennus ja saneerauskohteet<\/p>\n\n\n\n<p>&#8211; Omakotitalot ja kes\u00e4asunnot<\/p>\n\n\n\n<p>&#8211; Kerrostalot ja rivitalot,<\/p>\n\n\n\n<p>&#8211; Koulut, p\u00e4iv\u00e4kodit ja muut julkiset rakennukset<\/p>\n\n\n\n<p>&#8211; Vaativat kohteet, kuten arvokiinteist\u00f6t, suojelu ja museokohteet, kuparity\u00f6t. Kysy referenssej\u00e4!<\/p>\n\n\n\n<p>&#8211; Kattoty\u00f6maiden vastaavan ty\u00f6njohtajan teht\u00e4v\u00e4t. Kysy referenssej\u00e4!<\/p>\n\n\n\n<p>Is\u00e4nn\u00f6itsij\u00e4t, taloyhti\u00f6iden hallitukset, rakennusliikkeet, omakotiasukkaat, kaupungit, kunnat, valtio, seurakunnat, kiinteist\u00f6jen omistajat, rakennuttajat, suunnittelijat, kiinteist\u00f6huollot, kiinteist\u00f6v\u00e4litt\u00e4j\u00e4t.<\/p>\n\n\n\n<p><strong>Suomen Kattotarkastus ei suorita kattourakointia, eik\u00e4 ole kytk\u00f6ksiss\u00e4 alan toimijoihin!<\/strong><\/p>\n","protected":false},"excerpt":{"rendered":"<p>&#8211; Uudisrakennus ja saneerauskohteet &#8211; Omakotitalot ja kes\u00e4asunnot &#8211; Kerrostalot ja rivitalot, &#8211; Koulut, p\u00e4iv\u00e4kodit ja muut julkiset rakennukset &#8211; Vaativat kohteet, kuten arvokiinteist\u00f6t, suojelu ja museokohteet, kuparity\u00f6t. Kysy referenssej\u00e4! &#8211; Kattoty\u00f6maiden vastaavan ty\u00f6njohtajan teht\u00e4v\u00e4t. Kysy referenssej\u00e4! Is\u00e4nn\u00f6itsij\u00e4t, taloyhti\u00f6iden hallitukset, rakennusliikkeet, omakotiasukkaat, kaupungit, kunnat, valtio, seurakunnat, kiinteist\u00f6jen omistajat, rakennuttajat, suunnittelijat, kiinteist\u00f6huollot, kiinteist\u00f6v\u00e4litt\u00e4j\u00e4t. Suomen Kattotarkastus ei &hellip; <\/p>\n<p class=\"link-more\"><a href=\"https:\/\/www.suomenkattotarkastus.fi\/index.php\/kattotoiden-ja-rakennuspeltitoiden-valvonta-2\/\" class=\"more-link\">Jatka lukemista<span class=\"screen-reader-text\"> &#8221;Kattoremonttien ja rakennuspeltit\u00f6iden valvonta&#8221;<\/span><\/a><\/p>\n","protected":false},"author":1,"featured_media":0,"parent":0,"menu_order":0,"comment_status":"closed","ping_status":"closed","template":"","meta":{"footnotes":""},"class_list":["post-91","page","type-page","status-publish","hentry"],"yoast_head":"<!-- This site is optimized with the Yoast SEO plugin v27.5 - https:\/\/yoast.com\/product\/yoast-seo-wordpress\/ -->\n<title>Kattoremonttien ja rakennuspeltit\u00f6iden valvonta - Suomen Kattotarkastus Oy<\/title>\n<meta name=\"robots\" content=\"index, follow, max-snippet:-1, max-image-preview:large, max-video-preview:-1\" \/>\n<link rel=\"canonical\" href=\"https:\/\/www.suomenkattotarkastus.fi\/index.php\/kattotoiden-ja-rakennuspeltitoiden-valvonta-2\/\" \/>\n<meta property=\"og:locale\" content=\"fi_FI\" \/>\n<meta property=\"og:type\" content=\"article\" \/>\n<meta property=\"og:title\" content=\"Kattoremonttien ja rakennuspeltit\u00f6iden valvonta - Suomen Kattotarkastus Oy\" \/>\n<meta property=\"og:description\" content=\"&#8211; Uudisrakennus ja saneerauskohteet &#8211; Omakotitalot ja kes\u00e4asunnot &#8211; Kerrostalot ja rivitalot, &#8211; Koulut, p\u00e4iv\u00e4kodit ja muut julkiset rakennukset &#8211; Vaativat kohteet, kuten arvokiinteist\u00f6t, suojelu ja museokohteet, kuparity\u00f6t. Kysy referenssej\u00e4! &#8211; Kattoty\u00f6maiden vastaavan ty\u00f6njohtajan teht\u00e4v\u00e4t. Kysy referenssej\u00e4! Is\u00e4nn\u00f6itsij\u00e4t, taloyhti\u00f6iden hallitukset, rakennusliikkeet, omakotiasukkaat, kaupungit, kunnat, valtio, seurakunnat, kiinteist\u00f6jen omistajat, rakennuttajat, suunnittelijat, kiinteist\u00f6huollot, kiinteist\u00f6v\u00e4litt\u00e4j\u00e4t. Suomen Kattotarkastus ei &hellip; Jatka lukemista &quot;Kattoremonttien ja rakennuspeltit\u00f6iden valvonta&quot;\" \/>\n<meta property=\"og:url\" content=\"https:\/\/www.suomenkattotarkastus.fi\/index.php\/kattotoiden-ja-rakennuspeltitoiden-valvonta-2\/\" \/>\n<meta property=\"og:site_name\" content=\"Suomen Kattotarkastus Oy\" \/>\n<meta property=\"article:modified_time\" content=\"2024-04-20T12:43:59+00:00\" \/>\n<meta name=\"twitter:card\" content=\"summary_large_image\" \/>\n<meta name=\"twitter:label1\" content=\"Arvioitu lukuaika\" \/>\n\t<meta name=\"twitter:data1\" content=\"1 minuutti\" \/>\n<script type=\"application\/ld+json\" class=\"yoast-schema-graph\">{\"@context\":\"https:\\\/\\\/schema.org\",\"@graph\":[{\"@type\":\"WebPage\",\"@id\":\"https:\\\/\\\/www.suomenkattotarkastus.fi\\\/index.php\\\/kattotoiden-ja-rakennuspeltitoiden-valvonta-2\\\/\",\"url\":\"https:\\\/\\\/www.suomenkattotarkastus.fi\\\/index.php\\\/kattotoiden-ja-rakennuspeltitoiden-valvonta-2\\\/\",\"name\":\"Kattoremonttien ja rakennuspeltit\u00f6iden valvonta - Suomen Kattotarkastus Oy\",\"isPartOf\":{\"@id\":\"https:\\\/\\\/www.suomenkattotarkastus.fi\\\/#website\"},\"datePublished\":\"2021-04-09T16:20:01+00:00\",\"dateModified\":\"2024-04-20T12:43:59+00:00\",\"breadcrumb\":{\"@id\":\"https:\\\/\\\/www.suomenkattotarkastus.fi\\\/index.php\\\/kattotoiden-ja-rakennuspeltitoiden-valvonta-2\\\/#breadcrumb\"},\"inLanguage\":\"fi\",\"potentialAction\":[{\"@type\":\"ReadAction\",\"target\":[\"https:\\\/\\\/www.suomenkattotarkastus.fi\\\/index.php\\\/kattotoiden-ja-rakennuspeltitoiden-valvonta-2\\\/\"]}]},{\"@type\":\"BreadcrumbList\",\"@id\":\"https:\\\/\\\/www.suomenkattotarkastus.fi\\\/index.php\\\/kattotoiden-ja-rakennuspeltitoiden-valvonta-2\\\/#breadcrumb\",\"itemListElement\":[{\"@type\":\"ListItem\",\"position\":1,\"name\":\"Etusivu\",\"item\":\"https:\\\/\\\/www.suomenkattotarkastus.fi\\\/\"},{\"@type\":\"ListItem\",\"position\":2,\"name\":\"Kattoremonttien ja rakennuspeltit\u00f6iden valvonta\"}]},{\"@type\":\"WebSite\",\"@id\":\"https:\\\/\\\/www.suomenkattotarkastus.fi\\\/#website\",\"url\":\"https:\\\/\\\/www.suomenkattotarkastus.fi\\\/\",\"name\":\"Suomen Kattotarkastus Oy\",\"description\":\"ASIANTUNTIJUUTTA VESIKATTOIHIN\",\"potentialAction\":[{\"@type\":\"SearchAction\",\"target\":{\"@type\":\"EntryPoint\",\"urlTemplate\":\"https:\\\/\\\/www.suomenkattotarkastus.fi\\\/?s={search_term_string}\"},\"query-input\":{\"@type\":\"PropertyValueSpecification\",\"valueRequired\":true,\"valueName\":\"search_term_string\"}}],\"inLanguage\":\"fi\"}]}<\/script>\n<!-- \/ Yoast SEO plugin. -->","yoast_head_json":{"title":"Kattoremonttien ja rakennuspeltit\u00f6iden valvonta - Suomen Kattotarkastus Oy","robots":{"index":"index","follow":"follow","max-snippet":"max-snippet:-1","max-image-preview":"max-image-preview:large","max-video-preview":"max-video-preview:-1"},"canonical":"https:\/\/www.suomenkattotarkastus.fi\/index.php\/kattotoiden-ja-rakennuspeltitoiden-valvonta-2\/","og_locale":"fi_FI","og_type":"article","og_title":"Kattoremonttien ja rakennuspeltit\u00f6iden valvonta - Suomen Kattotarkastus Oy","og_description":"&#8211; Uudisrakennus ja saneerauskohteet &#8211; Omakotitalot ja kes\u00e4asunnot &#8211; Kerrostalot ja rivitalot, &#8211; Koulut, p\u00e4iv\u00e4kodit ja muut julkiset rakennukset &#8211; Vaativat kohteet, kuten arvokiinteist\u00f6t, suojelu ja museokohteet, kuparity\u00f6t. Kysy referenssej\u00e4! &#8211; Kattoty\u00f6maiden vastaavan ty\u00f6njohtajan teht\u00e4v\u00e4t. Kysy referenssej\u00e4! Is\u00e4nn\u00f6itsij\u00e4t, taloyhti\u00f6iden hallitukset, rakennusliikkeet, omakotiasukkaat, kaupungit, kunnat, valtio, seurakunnat, kiinteist\u00f6jen omistajat, rakennuttajat, suunnittelijat, kiinteist\u00f6huollot, kiinteist\u00f6v\u00e4litt\u00e4j\u00e4t. Suomen Kattotarkastus ei &hellip; Jatka lukemista \"Kattoremonttien ja rakennuspeltit\u00f6iden valvonta\"","og_url":"https:\/\/www.suomenkattotarkastus.fi\/index.php\/kattotoiden-ja-rakennuspeltitoiden-valvonta-2\/","og_site_name":"Suomen Kattotarkastus Oy","article_modified_time":"2024-04-20T12:43:59+00:00","twitter_card":"summary_large_image","twitter_misc":{"Arvioitu lukuaika":"1 minuutti"},"schema":{"@context":"https:\/\/schema.org","@graph":[{"@type":"WebPage","@id":"https:\/\/www.suomenkattotarkastus.fi\/index.php\/kattotoiden-ja-rakennuspeltitoiden-valvonta-2\/","url":"https:\/\/www.suomenkattotarkastus.fi\/index.php\/kattotoiden-ja-rakennuspeltitoiden-valvonta-2\/","name":"Kattoremonttien ja rakennuspeltit\u00f6iden valvonta - Suomen Kattotarkastus Oy","isPartOf":{"@id":"https:\/\/www.suomenkattotarkastus.fi\/#website"},"datePublished":"2021-04-09T16:20:01+00:00","dateModified":"2024-04-20T12:43:59+00:00","breadcrumb":{"@id":"https:\/\/www.suomenkattotarkastus.fi\/index.php\/kattotoiden-ja-rakennuspeltitoiden-valvonta-2\/#breadcrumb"},"inLanguage":"fi","potentialAction":[{"@type":"ReadAction","target":["https:\/\/www.suomenkattotarkastus.fi\/index.php\/kattotoiden-ja-rakennuspeltitoiden-valvonta-2\/"]}]},{"@type":"BreadcrumbList","@id":"https:\/\/www.suomenkattotarkastus.fi\/index.php\/kattotoiden-ja-rakennuspeltitoiden-valvonta-2\/#breadcrumb","itemListElement":[{"@type":"ListItem","position":1,"name":"Etusivu","item":"https:\/\/www.suomenkattotarkastus.fi\/"},{"@type":"ListItem","position":2,"name":"Kattoremonttien ja rakennuspeltit\u00f6iden valvonta"}]},{"@type":"WebSite","@id":"https:\/\/www.suomenkattotarkastus.fi\/#website","url":"https:\/\/www.suomenkattotarkastus.fi\/","name":"Suomen Kattotarkastus Oy","description":"ASIANTUNTIJUUTTA VESIKATTOIHIN","potentialAction":[{"@type":"SearchAction","target":{"@type":"EntryPoint","urlTemplate":"https:\/\/www.suomenkattotarkastus.fi\/?s={search_term_string}"},"query-input":{"@type":"PropertyValueSpecification","valueRequired":true,"valueName":"search_term_string"}}],"inLanguage":"fi"}]}},"_links":{"self":[{"href":"https:\/\/www.suomenkattotarkastus.fi\/index.php\/wp-json\/wp\/v2\/pages\/91","targetHints":{"allow":["GET"]}}],"collection":[{"href":"https:\/\/www.suomenkattotarkastus.fi\/index.php\/wp-json\/wp\/v2\/pages"}],"about":[{"href":"https:\/\/www.suomenkattotarkastus.fi\/index.php\/wp-json\/wp\/v2\/types\/page"}],"author":[{"embeddable":true,"href":"https:\/\/www.suomenkattotarkastus.fi\/index.php\/wp-json\/wp\/v2\/users\/1"}],"replies":[{"embeddable":true,"href":"https:\/\/www.suomenkattotarkastus.fi\/index.php\/wp-json\/wp\/v2\/comments?post=91"}],"version-history":[{"count":5,"href":"https:\/\/www.suomenkattotarkastus.fi\/index.php\/wp-json\/wp\/v2\/pages\/91\/revisions"}],"predecessor-version":[{"id":177,"href":"https:\/\/www.suomenkattotarkastus.fi\/index.php\/wp-json\/wp\/v2\/pages\/91\/revisions\/177"}],"wp:attachment":[{"href":"https:\/\/www.suomenkattotarkastus.fi\/index.php\/wp-json\/wp\/v2\/media?parent=91"}],"curies":[{"name":"wp","href":"https:\/\/api.w.org\/{rel}","templated":true}]}}