{"id":93,"date":"2021-04-09T16:22:16","date_gmt":"2021-04-09T16:22:16","guid":{"rendered":"http:\/\/www.suomenkattotarkastus.fi\/?page_id=93"},"modified":"2024-04-20T12:15:18","modified_gmt":"2024-04-20T12:15:18","slug":"tavarantarkastus","status":"publish","type":"page","link":"https:\/\/www.suomenkattotarkastus.fi\/index.php\/tavarantarkastus\/","title":{"rendered":"Tavarantarkastus"},"content":{"rendered":"\n<p>Toimin HTT &#8211; tavarantarkastajana ryhmiss\u00e4 <\/p>\n\n\n\n<p>3.3.6 Ohut ja muotolevyty\u00f6t, ohutlevykatteet alusrakenteineen (eli peltikattojen ja rakennuspeltit\u00f6iden tavarantarkastukset)<\/p>\n\n\n\n<p>3.3.3 Vesikattorakenteet <\/p>\n\n\n\n<p><a href=\"https:\/\/www.tavarantarkastus.com\/\">https:\/\/www.tavarantarkastus.com\/<\/a><\/p>\n","protected":false},"excerpt":{"rendered":"<p>Toimin HTT &#8211; tavarantarkastajana ryhmiss\u00e4 3.3.6 Ohut ja muotolevyty\u00f6t, ohutlevykatteet alusrakenteineen (eli peltikattojen ja rakennuspeltit\u00f6iden tavarantarkastukset) 3.3.3 Vesikattorakenteet https:\/\/www.tavarantarkastus.com\/<\/p>\n","protected":false},"author":1,"featured_media":0,"parent":0,"menu_order":0,"comment_status":"closed","ping_status":"closed","template":"","meta":{"footnotes":""},"class_list":["post-93","page","type-page","status-publish","hentry"],"yoast_head":"<!-- This site is optimized with the Yoast SEO plugin v27.4 - https:\/\/yoast.com\/product\/yoast-seo-wordpress\/ -->\n<title>Tavarantarkastus - Suomen Kattotarkastus Oy<\/title>\n<meta name=\"robots\" content=\"index, follow, max-snippet:-1, max-image-preview:large, max-video-preview:-1\" \/>\n<link rel=\"canonical\" href=\"https:\/\/www.suomenkattotarkastus.fi\/index.php\/tavarantarkastus\/\" \/>\n<meta property=\"og:locale\" content=\"fi_FI\" \/>\n<meta property=\"og:type\" content=\"article\" \/>\n<meta property=\"og:title\" content=\"Tavarantarkastus - Suomen Kattotarkastus Oy\" \/>\n<meta property=\"og:description\" content=\"Toimin HTT &#8211; tavarantarkastajana ryhmiss\u00e4 3.3.6 Ohut ja muotolevyty\u00f6t, ohutlevykatteet alusrakenteineen (eli peltikattojen ja rakennuspeltit\u00f6iden tavarantarkastukset) 3.3.3 Vesikattorakenteet https:\/\/www.tavarantarkastus.com\/\" \/>\n<meta property=\"og:url\" content=\"https:\/\/www.suomenkattotarkastus.fi\/index.php\/tavarantarkastus\/\" \/>\n<meta property=\"og:site_name\" content=\"Suomen Kattotarkastus Oy\" \/>\n<meta property=\"article:modified_time\" content=\"2024-04-20T12:15:18+00:00\" \/>\n<meta name=\"twitter:card\" content=\"summary_large_image\" \/>\n<meta name=\"twitter:label1\" content=\"Arvioitu lukuaika\" \/>\n\t<meta name=\"twitter:data1\" content=\"1 minuutti\" \/>\n<script type=\"application\/ld+json\" class=\"yoast-schema-graph\">{\"@context\":\"https:\\\/\\\/schema.org\",\"@graph\":[{\"@type\":\"WebPage\",\"@id\":\"https:\\\/\\\/www.suomenkattotarkastus.fi\\\/index.php\\\/tavarantarkastus\\\/\",\"url\":\"https:\\\/\\\/www.suomenkattotarkastus.fi\\\/index.php\\\/tavarantarkastus\\\/\",\"name\":\"Tavarantarkastus - Suomen Kattotarkastus Oy\",\"isPartOf\":{\"@id\":\"https:\\\/\\\/www.suomenkattotarkastus.fi\\\/#website\"},\"datePublished\":\"2021-04-09T16:22:16+00:00\",\"dateModified\":\"2024-04-20T12:15:18+00:00\",\"breadcrumb\":{\"@id\":\"https:\\\/\\\/www.suomenkattotarkastus.fi\\\/index.php\\\/tavarantarkastus\\\/#breadcrumb\"},\"inLanguage\":\"fi\",\"potentialAction\":[{\"@type\":\"ReadAction\",\"target\":[\"https:\\\/\\\/www.suomenkattotarkastus.fi\\\/index.php\\\/tavarantarkastus\\\/\"]}]},{\"@type\":\"BreadcrumbList\",\"@id\":\"https:\\\/\\\/www.suomenkattotarkastus.fi\\\/index.php\\\/tavarantarkastus\\\/#breadcrumb\",\"itemListElement\":[{\"@type\":\"ListItem\",\"position\":1,\"name\":\"Etusivu\",\"item\":\"https:\\\/\\\/www.suomenkattotarkastus.fi\\\/\"},{\"@type\":\"ListItem\",\"position\":2,\"name\":\"Tavarantarkastus\"}]},{\"@type\":\"WebSite\",\"@id\":\"https:\\\/\\\/www.suomenkattotarkastus.fi\\\/#website\",\"url\":\"https:\\\/\\\/www.suomenkattotarkastus.fi\\\/\",\"name\":\"Suomen Kattotarkastus Oy\",\"description\":\"ASIANTUNTIJUUTTA VESIKATTOIHIN\",\"potentialAction\":[{\"@type\":\"SearchAction\",\"target\":{\"@type\":\"EntryPoint\",\"urlTemplate\":\"https:\\\/\\\/www.suomenkattotarkastus.fi\\\/?s={search_term_string}\"},\"query-input\":{\"@type\":\"PropertyValueSpecification\",\"valueRequired\":true,\"valueName\":\"search_term_string\"}}],\"inLanguage\":\"fi\"}]}<\/script>\n<!-- \/ Yoast SEO plugin. -->","yoast_head_json":{"title":"Tavarantarkastus - Suomen Kattotarkastus Oy","robots":{"index":"index","follow":"follow","max-snippet":"max-snippet:-1","max-image-preview":"max-image-preview:large","max-video-preview":"max-video-preview:-1"},"canonical":"https:\/\/www.suomenkattotarkastus.fi\/index.php\/tavarantarkastus\/","og_locale":"fi_FI","og_type":"article","og_title":"Tavarantarkastus - Suomen Kattotarkastus Oy","og_description":"Toimin HTT &#8211; tavarantarkastajana ryhmiss\u00e4 3.3.6 Ohut ja muotolevyty\u00f6t, ohutlevykatteet alusrakenteineen (eli peltikattojen ja rakennuspeltit\u00f6iden tavarantarkastukset) 3.3.3 Vesikattorakenteet https:\/\/www.tavarantarkastus.com\/","og_url":"https:\/\/www.suomenkattotarkastus.fi\/index.php\/tavarantarkastus\/","og_site_name":"Suomen Kattotarkastus Oy","article_modified_time":"2024-04-20T12:15:18+00:00","twitter_card":"summary_large_image","twitter_misc":{"Arvioitu lukuaika":"1 minuutti"},"schema":{"@context":"https:\/\/schema.org","@graph":[{"@type":"WebPage","@id":"https:\/\/www.suomenkattotarkastus.fi\/index.php\/tavarantarkastus\/","url":"https:\/\/www.suomenkattotarkastus.fi\/index.php\/tavarantarkastus\/","name":"Tavarantarkastus - Suomen Kattotarkastus Oy","isPartOf":{"@id":"https:\/\/www.suomenkattotarkastus.fi\/#website"},"datePublished":"2021-04-09T16:22:16+00:00","dateModified":"2024-04-20T12:15:18+00:00","breadcrumb":{"@id":"https:\/\/www.suomenkattotarkastus.fi\/index.php\/tavarantarkastus\/#breadcrumb"},"inLanguage":"fi","potentialAction":[{"@type":"ReadAction","target":["https:\/\/www.suomenkattotarkastus.fi\/index.php\/tavarantarkastus\/"]}]},{"@type":"BreadcrumbList","@id":"https:\/\/www.suomenkattotarkastus.fi\/index.php\/tavarantarkastus\/#breadcrumb","itemListElement":[{"@type":"ListItem","position":1,"name":"Etusivu","item":"https:\/\/www.suomenkattotarkastus.fi\/"},{"@type":"ListItem","position":2,"name":"Tavarantarkastus"}]},{"@type":"WebSite","@id":"https:\/\/www.suomenkattotarkastus.fi\/#website","url":"https:\/\/www.suomenkattotarkastus.fi\/","name":"Suomen Kattotarkastus Oy","description":"ASIANTUNTIJUUTTA VESIKATTOIHIN","potentialAction":[{"@type":"SearchAction","target":{"@type":"EntryPoint","urlTemplate":"https:\/\/www.suomenkattotarkastus.fi\/?s={search_term_string}"},"query-input":{"@type":"PropertyValueSpecification","valueRequired":true,"valueName":"search_term_string"}}],"inLanguage":"fi"}]}},"_links":{"self":[{"href":"https:\/\/www.suomenkattotarkastus.fi\/index.php\/wp-json\/wp\/v2\/pages\/93","targetHints":{"allow":["GET"]}}],"collection":[{"href":"https:\/\/www.suomenkattotarkastus.fi\/index.php\/wp-json\/wp\/v2\/pages"}],"about":[{"href":"https:\/\/www.suomenkattotarkastus.fi\/index.php\/wp-json\/wp\/v2\/types\/page"}],"author":[{"embeddable":true,"href":"https:\/\/www.suomenkattotarkastus.fi\/index.php\/wp-json\/wp\/v2\/users\/1"}],"replies":[{"embeddable":true,"href":"https:\/\/www.suomenkattotarkastus.fi\/index.php\/wp-json\/wp\/v2\/comments?post=93"}],"version-history":[{"count":6,"href":"https:\/\/www.suomenkattotarkastus.fi\/index.php\/wp-json\/wp\/v2\/pages\/93\/revisions"}],"predecessor-version":[{"id":157,"href":"https:\/\/www.suomenkattotarkastus.fi\/index.php\/wp-json\/wp\/v2\/pages\/93\/revisions\/157"}],"wp:attachment":[{"href":"https:\/\/www.suomenkattotarkastus.fi\/index.php\/wp-json\/wp\/v2\/media?parent=93"}],"curies":[{"name":"wp","href":"https:\/\/api.w.org\/{rel}","templated":true}]}}